{"id":2728,"date":"2022-08-25T16:30:49","date_gmt":"2022-08-25T14:30:49","guid":{"rendered":"https:\/\/lebenswertes-murgtal.de\/lwm\/?page_id=2728"},"modified":"2022-09-20T20:50:17","modified_gmt":"2022-09-20T18:50:17","slug":"elementor-2728","status":"publish","type":"page","link":"https:\/\/lebenswertes-murgtal.de\/lwm\/?page_id=2728","title":{"rendered":"Soziale Gruppenarbeit"},"content":{"rendered":"\t\t<div data-elementor-type=\"wp-page\" data-elementor-id=\"2728\" class=\"elementor elementor-2728\">\n\t\t\t\t\t\t<section class=\"elementor-section elementor-top-section elementor-element elementor-element-7bb4d35 elementor-section-boxed elementor-section-height-default elementor-section-height-default\" data-id=\"7bb4d35\" data-element_type=\"section\">\n\t\t\t\t\t\t<div class=\"elementor-container elementor-column-gap-no\">\n\t\t\t\t\t<div class=\"elementor-column elementor-col-33 elementor-top-column elementor-element elementor-element-9373904\" data-id=\"9373904\" data-element_type=\"column\">\n\t\t\t<div class=\"elementor-widget-wrap elementor-element-populated\">\n\t\t\t\t\t\t<div class=\"elementor-element elementor-element-fb90762 elementor-widget elementor-widget-heading\" data-id=\"fb90762\" data-element_type=\"widget\" data-widget_type=\"heading.default\">\n\t\t\t\t<div class=\"elementor-widget-container\">\n\t\t\t\t\t<h3 class=\"elementor-heading-title elementor-size-default\">Soziale Gruppenarbeit<\/h3>\t\t\t\t<\/div>\n\t\t\t\t<\/div>\n\t\t\t\t\t<\/div>\n\t\t<\/div>\n\t\t\t\t<div class=\"elementor-column elementor-col-66 elementor-top-column elementor-element elementor-element-f702c93\" data-id=\"f702c93\" data-element_type=\"column\">\n\t\t\t<div class=\"elementor-widget-wrap elementor-element-populated\">\n\t\t\t\t\t\t<div class=\"elementor-element elementor-element-a713215 elementor-widget elementor-widget-text-editor\" data-id=\"a713215\" data-element_type=\"widget\" data-widget_type=\"text-editor.default\">\n\t\t\t\t<div class=\"elementor-widget-container\">\n\t\t\t\t\t\t\t\t\t<p><span style=\"font-style: inherit; font-weight: inherit; background-color: var(--ast-global-color-4); color: var(--ast-global-color-3);\">Seit 2008 bietet der Pr\u00e4ventionsverein, der auch Tr\u00e4ger der freien Jugendhilfe ist, in Form von mehrj\u00e4hrigen Projekten, bzw. als Ma\u00dfnahme nach dem Sozialgesetzbuch, soziale Gruppenarbeit an.<\/span><\/p><p>Soziales Lernen in der Gruppe, unter Einsatz von erlebnis- und theaterp\u00e4dagogischen Elementen, in einer Gruppengr\u00f6\u00dfe von ca. 8 &#8211; 10 Kindern, bildet einen Rahmen, um die Teilnehmer in Sachen Gemeinschaft, Freundschaft, Toleranz, Verantwortung f\u00fcr sich und andere, sowie Respekt im Umgang miteinander, weiterzuentwickeln.<\/p><p>Verbunden mit der Beratung und Begleitung von Eltern und Erziehungsberechtigten, bei SGB-VIII Ma\u00dfnahmen auch in Zusammenarbeit mit dem Jugendamt, entsteht ein Gesamtkonzept, dass die Teilnehmer auf eine erfolgreiche Zukunft vorbereitet.<\/p><p>Die p\u00e4dagogischen Fachkr\u00e4fte des Vereins entwickeln ein Programm, welches auf die Kinder und Jugendlichen abgestimmt ist und an dem sie mit Freude teilnehmen.<\/p><p>Die Finanzierung erfolgt durch gesondert bereitgestellte Projektgelder, bzw. durch <br \/>\u00f6ffentliche Mittel im Rahmen der Jugendhilfe (SGB VIII \u2013 Ma\u00dfnahmen).<\/p>\t\t\t\t\t\t\t\t<\/div>\n\t\t\t\t<\/div>\n\t\t\t\t\t<\/div>\n\t\t<\/div>\n\t\t\t\t\t<\/div>\n\t\t<\/section>\n\t\t\t\t<section class=\"elementor-section elementor-top-section elementor-element elementor-element-53a68d0 elementor-section-boxed elementor-section-height-default elementor-section-height-default\" data-id=\"53a68d0\" data-element_type=\"section\">\n\t\t\t\t\t\t<div class=\"elementor-container elementor-column-gap-default\">\n\t\t\t\t\t<div class=\"elementor-column elementor-col-100 elementor-top-column elementor-element elementor-element-1bb2786\" data-id=\"1bb2786\" data-element_type=\"column\">\n\t\t\t<div class=\"elementor-widget-wrap elementor-element-populated\">\n\t\t\t\t\t\t<div class=\"elementor-element elementor-element-1cf00ea elementor-widget elementor-widget-heading\" data-id=\"1cf00ea\" data-element_type=\"widget\" data-widget_type=\"heading.default\">\n\t\t\t\t<div class=\"elementor-widget-container\">\n\t\t\t\t\t<h3 class=\"elementor-heading-title elementor-size-default\">Unser Team an der Augusta-Sibylla-Schule Rastatt <\/h3>\t\t\t\t<\/div>\n\t\t\t\t<\/div>\n\t\t\t\t<div class=\"elementor-element elementor-element-0a48e61 elementor-widget elementor-widget-text-editor\" data-id=\"0a48e61\" data-element_type=\"widget\" data-widget_type=\"text-editor.default\">\n\t\t\t\t<div class=\"elementor-widget-container\">\n\t\t\t\t\t\t\t\t\t<p>\u201ePr\u00e4vention geht uns alle an\u201c<\/p>\t\t\t\t\t\t\t\t<\/div>\n\t\t\t\t<\/div>\n\t\t\t\t\t<\/div>\n\t\t<\/div>\n\t\t\t\t\t<\/div>\n\t\t<\/section>\n\t\t\t\t<section class=\"elementor-section elementor-top-section elementor-element elementor-element-d037713 elementor-section-boxed elementor-section-height-default elementor-section-height-default\" data-id=\"d037713\" data-element_type=\"section\">\n\t\t\t\t\t\t<div class=\"elementor-container elementor-column-gap-default\">\n\t\t\t\t\t<div class=\"elementor-column elementor-col-100 elementor-top-column elementor-element elementor-element-48c45cf\" data-id=\"48c45cf\" data-element_type=\"column\">\n\t\t\t<div class=\"elementor-widget-wrap elementor-element-populated\">\n\t\t\t\t\t\t<div class=\"elementor-element elementor-element-30e9d1c elementor-widget elementor-widget-image\" data-id=\"30e9d1c\" data-element_type=\"widget\" data-widget_type=\"image.default\">\n\t\t\t\t<div class=\"elementor-widget-container\">\n\t\t\t\t\t\t\t\t\t\t\t\t\t\t\t<img fetchpriority=\"high\" decoding=\"async\" width=\"768\" height=\"346\" src=\"https:\/\/lebenswertes-murgtal.de\/lwm\/wp-content\/uploads\/2022\/09\/gruppenbildso-768x346.jpg\" class=\"attachment-medium_large size-medium_large wp-image-2762\" alt=\"\" srcset=\"https:\/\/lebenswertes-murgtal.de\/lwm\/wp-content\/uploads\/2022\/09\/gruppenbildso-768x346.jpg 768w, https:\/\/lebenswertes-murgtal.de\/lwm\/wp-content\/uploads\/2022\/09\/gruppenbildso-300x135.jpg 300w, https:\/\/lebenswertes-murgtal.de\/lwm\/wp-content\/uploads\/2022\/09\/gruppenbildso-1024x461.jpg 1024w, https:\/\/lebenswertes-murgtal.de\/lwm\/wp-content\/uploads\/2022\/09\/gruppenbildso-1536x691.jpg 1536w, https:\/\/lebenswertes-murgtal.de\/lwm\/wp-content\/uploads\/2022\/09\/gruppenbildso-2048x922.jpg 2048w\" sizes=\"(max-width: 768px) 100vw, 768px\" \/>\t\t\t\t\t\t\t\t\t\t\t\t\t\t\t<\/div>\n\t\t\t\t<\/div>\n\t\t\t\t\t<\/div>\n\t\t<\/div>\n\t\t\t\t\t<\/div>\n\t\t<\/section>\n\t\t\t\t<section class=\"elementor-section elementor-top-section elementor-element elementor-element-1614b0d elementor-section-boxed elementor-section-height-default elementor-section-height-default\" data-id=\"1614b0d\" data-element_type=\"section\">\n\t\t\t\t\t\t<div class=\"elementor-container elementor-column-gap-default\">\n\t\t\t\t\t<div class=\"elementor-column elementor-col-25 elementor-top-column elementor-element elementor-element-2645c84\" data-id=\"2645c84\" data-element_type=\"column\">\n\t\t\t<div class=\"elementor-widget-wrap elementor-element-populated\">\n\t\t\t\t\t\t<div class=\"elementor-element elementor-element-a2f9017 elementor-widget elementor-widget-image-box\" data-id=\"a2f9017\" data-element_type=\"widget\" data-widget_type=\"image-box.default\">\n\t\t\t\t<div class=\"elementor-widget-container\">\n\t\t\t\t\t<div class=\"elementor-image-box-wrapper\"><div class=\"elementor-image-box-content\"><h6 class=\"elementor-image-box-title\"><br>Christine Theberath<\/h6><\/div><\/div>\t\t\t\t<\/div>\n\t\t\t\t<\/div>\n\t\t\t\t\t<\/div>\n\t\t<\/div>\n\t\t\t\t<div class=\"elementor-column elementor-col-25 elementor-top-column elementor-element elementor-element-3bd17cb\" data-id=\"3bd17cb\" data-element_type=\"column\">\n\t\t\t<div class=\"elementor-widget-wrap elementor-element-populated\">\n\t\t\t\t\t\t<div class=\"elementor-element elementor-element-39a0f90 elementor-widget elementor-widget-image-box\" data-id=\"39a0f90\" data-element_type=\"widget\" data-widget_type=\"image-box.default\">\n\t\t\t\t<div class=\"elementor-widget-container\">\n\t\t\t\t\t<div class=\"elementor-image-box-wrapper\"><div class=\"elementor-image-box-content\"><h6 class=\"elementor-image-box-title\"><br>Sabine Geiges<\/h6><\/div><\/div>\t\t\t\t<\/div>\n\t\t\t\t<\/div>\n\t\t\t\t\t<\/div>\n\t\t<\/div>\n\t\t\t\t<div class=\"elementor-column elementor-col-25 elementor-top-column elementor-element elementor-element-0ea68ff\" data-id=\"0ea68ff\" data-element_type=\"column\">\n\t\t\t<div class=\"elementor-widget-wrap elementor-element-populated\">\n\t\t\t\t\t\t<div class=\"elementor-element elementor-element-9c8b578 elementor-widget elementor-widget-image-box\" data-id=\"9c8b578\" data-element_type=\"widget\" data-widget_type=\"image-box.default\">\n\t\t\t\t<div class=\"elementor-widget-container\">\n\t\t\t\t\t<div class=\"elementor-image-box-wrapper\"><div class=\"elementor-image-box-content\"><h6 class=\"elementor-image-box-title\"><br>Helga Bellinghausen<\/h6><\/div><\/div>\t\t\t\t<\/div>\n\t\t\t\t<\/div>\n\t\t\t\t\t<\/div>\n\t\t<\/div>\n\t\t\t\t<div class=\"elementor-column elementor-col-25 elementor-top-column elementor-element elementor-element-10b7a20\" data-id=\"10b7a20\" data-element_type=\"column\">\n\t\t\t<div class=\"elementor-widget-wrap elementor-element-populated\">\n\t\t\t\t\t\t<div class=\"elementor-element elementor-element-c1fc0f2 elementor-widget elementor-widget-image-box\" data-id=\"c1fc0f2\" data-element_type=\"widget\" data-widget_type=\"image-box.default\">\n\t\t\t\t<div class=\"elementor-widget-container\">\n\t\t\t\t\t<div class=\"elementor-image-box-wrapper\"><div class=\"elementor-image-box-content\"><h6 class=\"elementor-image-box-title\"><br>Laura Wisser<\/h6><\/div><\/div>\t\t\t\t<\/div>\n\t\t\t\t<\/div>\n\t\t\t\t\t<\/div>\n\t\t<\/div>\n\t\t\t\t\t<\/div>\n\t\t<\/section>\n\t\t\t\t<\/div>\n\t\t","protected":false},"excerpt":{"rendered":"<p>Soziale Gruppenarbeit Seit 2008 bietet der Pr\u00e4ventionsverein, der auch Tr\u00e4ger der freien Jugendhilfe ist, in Form von mehrj\u00e4hrigen Projekten, bzw. als Ma\u00dfnahme nach dem Sozialgesetzbuch, soziale Gruppenarbeit an. Soziales Lernen in der Gruppe, unter Einsatz von erlebnis- und theaterp\u00e4dagogischen Elementen, in einer Gruppengr\u00f6\u00dfe von ca. 8 &#8211; 10 Kindern, bildet einen Rahmen, um die Teilnehmer [&hellip;]<\/p>\n","protected":false},"author":1,"featured_media":0,"parent":0,"menu_order":0,"comment_status":"closed","ping_status":"closed","template":"","meta":{"site-sidebar-layout":"no-sidebar","site-content-layout":"page-builder","ast-site-content-layout":"default","site-content-style":"default","site-sidebar-style":"default","ast-global-header-display":"","ast-banner-title-visibility":"","ast-main-header-display":"","ast-hfb-above-header-display":"","ast-hfb-below-header-display":"","ast-hfb-mobile-header-display":"","site-post-title":"disabled","ast-breadcrumbs-content":"","ast-featured-img":"disabled","footer-sml-layout":"","theme-transparent-header-meta":"","adv-header-id-meta":"","stick-header-meta":"","header-above-stick-meta":"","header-main-stick-meta":"","header-below-stick-meta":"","astra-migrate-meta-layouts":"default","ast-page-background-enabled":"default","ast-page-background-meta":{"desktop":{"background-color":"","background-image":"","background-repeat":"repeat","background-position":"center center","background-size":"auto","background-attachment":"scroll","background-type":"","background-media":"","overlay-type":"","overlay-color":"","overlay-opacity":"","overlay-gradient":""},"tablet":{"background-color":"","background-image":"","background-repeat":"repeat","background-position":"center center","background-size":"auto","background-attachment":"scroll","background-type":"","background-media":"","overlay-type":"","overlay-color":"","overlay-opacity":"","overlay-gradient":""},"mobile":{"background-color":"","background-image":"","background-repeat":"repeat","background-position":"center center","background-size":"auto","background-attachment":"scroll","background-type":"","background-media":"","overlay-type":"","overlay-color":"","overlay-opacity":"","overlay-gradient":""}},"ast-content-background-meta":{"desktop":{"background-color":"var(--ast-global-color-5)","background-image":"","background-repeat":"repeat","background-position":"center center","background-size":"auto","background-attachment":"scroll","background-type":"","background-media":"","overlay-type":"","overlay-color":"","overlay-opacity":"","overlay-gradient":""},"tablet":{"background-color":"var(--ast-global-color-5)","background-image":"","background-repeat":"repeat","background-position":"center center","background-size":"auto","background-attachment":"scroll","background-type":"","background-media":"","overlay-type":"","overlay-color":"","overlay-opacity":"","overlay-gradient":""},"mobile":{"background-color":"var(--ast-global-color-5)","background-image":"","background-repeat":"repeat","background-position":"center center","background-size":"auto","background-attachment":"scroll","background-type":"","background-media":"","overlay-type":"","overlay-color":"","overlay-opacity":"","overlay-gradient":""}},"footnotes":""},"class_list":["post-2728","page","type-page","status-publish","hentry"],"_links":{"self":[{"href":"https:\/\/lebenswertes-murgtal.de\/lwm\/index.php?rest_route=\/wp\/v2\/pages\/2728","targetHints":{"allow":["GET"]}}],"collection":[{"href":"https:\/\/lebenswertes-murgtal.de\/lwm\/index.php?rest_route=\/wp\/v2\/pages"}],"about":[{"href":"https:\/\/lebenswertes-murgtal.de\/lwm\/index.php?rest_route=\/wp\/v2\/types\/page"}],"author":[{"embeddable":true,"href":"https:\/\/lebenswertes-murgtal.de\/lwm\/index.php?rest_route=\/wp\/v2\/users\/1"}],"replies":[{"embeddable":true,"href":"https:\/\/lebenswertes-murgtal.de\/lwm\/index.php?rest_route=%2Fwp%2Fv2%2Fcomments&post=2728"}],"version-history":[{"count":18,"href":"https:\/\/lebenswertes-murgtal.de\/lwm\/index.php?rest_route=\/wp\/v2\/pages\/2728\/revisions"}],"predecessor-version":[{"id":2790,"href":"https:\/\/lebenswertes-murgtal.de\/lwm\/index.php?rest_route=\/wp\/v2\/pages\/2728\/revisions\/2790"}],"wp:attachment":[{"href":"https:\/\/lebenswertes-murgtal.de\/lwm\/index.php?rest_route=%2Fwp%2Fv2%2Fmedia&parent=2728"}],"curies":[{"name":"wp","href":"https:\/\/api.w.org\/{rel}","templated":true}]}}